{"id":3299,"date":"2025-06-24T11:25:57","date_gmt":"2025-06-24T14:25:57","guid":{"rendered":"https:\/\/fluxmed.com.br\/?page_id=3299"},"modified":"2025-09-16T12:18:56","modified_gmt":"2025-09-16T15:18:56","slug":"intergracao-com-o-mercado-pago","status":"publish","type":"page","link":"https:\/\/fluxmed.com.br\/en\/intergracao-com-o-mercado-pago\/","title":{"rendered":"Integration with Mercado Pago"},"content":{"rendered":"<div data-elementor-type=\"wp-page\" data-elementor-id=\"3299\" class=\"elementor elementor-3299\" data-elementor-post-type=\"page\">\n\t\t\t\t<div class=\"elementor-element elementor-element-42ddc533 e-flex e-con-boxed e-con e-parent\" data-id=\"42ddc533\" data-element_type=\"container\" data-e-type=\"container\" data-settings=\"{&quot;background_background&quot;:&quot;classic&quot;}\">\n\t\t\t\t\t<div class=\"e-con-inner\">\n\t\t<div class=\"elementor-element elementor-element-4a83ec38 e-con-full e-flex e-con e-child\" data-id=\"4a83ec38\" data-element_type=\"container\" data-e-type=\"container\">\n\t\t\t\t<div class=\"elementor-element elementor-element-6a861e71 elementor-widget-laptop__width-initial elementor-widget elementor-widget-image\" data-id=\"6a861e71\" data-element_type=\"widget\" data-e-type=\"widget\" data-widget_type=\"image.default\">\n\t\t\t\t<div class=\"elementor-widget-container\">\n\t\t\t\t\t\t\t\t\t\t\t\t\t\t\t\t<a href=\"https:\/\/fluxmed.com.br\/en\/\">\n\t\t\t\t\t\t\t<img decoding=\"async\" width=\"209\" height=\"50\" src=\"https:\/\/fluxmed.com.br\/wp-content\/uploads\/sites\/6\/2023\/10\/Logo-horizontal-branco.png\" class=\"attachment-full size-full wp-image-444\" alt=\"\" srcset=\"https:\/\/fluxmed.com.br\/wp-content\/uploads\/sites\/6\/2023\/10\/Logo-horizontal-branco.png 209w, https:\/\/fluxmed.com.br\/wp-content\/uploads\/sites\/6\/2023\/10\/Logo-horizontal-branco-18x4.png 18w\" sizes=\"(max-width: 209px) 100vw, 209px\" \/>\t\t\t\t\t\t\t\t<\/a>\n\t\t\t\t\t\t\t\t\t\t\t\t\t\t\t<\/div>\n\t\t\t\t<\/div>\n\t\t\t\t<\/div>\n\t\t<div class=\"elementor-element elementor-element-78d8d4fe e-con-full e-flex e-con e-child\" data-id=\"78d8d4fe\" data-element_type=\"container\" data-e-type=\"container\">\n\t\t\t\t<div class=\"elementor-element elementor-element-b37da5f elementor-nav-menu__align-start elementor-nav-menu--dropdown-tablet elementor-nav-menu__text-align-aside elementor-nav-menu--toggle elementor-nav-menu--burger elementor-widget elementor-widget-nav-menu\" data-id=\"b37da5f\" data-element_type=\"widget\" data-e-type=\"widget\" data-settings=\"{&quot;layout&quot;:&quot;horizontal&quot;,&quot;submenu_icon&quot;:{&quot;value&quot;:&quot;&lt;i class=\\&quot;fas fa-caret-down\\&quot; aria-hidden=\\&quot;true\\&quot;&gt;&lt;\\\/i&gt;&quot;,&quot;library&quot;:&quot;fa-solid&quot;},&quot;toggle&quot;:&quot;burger&quot;}\" data-widget_type=\"nav-menu.default\">\n\t\t\t\t<div class=\"elementor-widget-container\">\n\t\t\t\t\t\t\t\t<nav aria-label=\"Menu\" class=\"elementor-nav-menu--main elementor-nav-menu__container elementor-nav-menu--layout-horizontal e--pointer-underline e--animation-fade\">\n\t\t\t\t<ul id=\"menu-1-b37da5f\" class=\"elementor-nav-menu\"><li class=\"menu-item menu-item-type-post_type menu-item-object-page menu-item-2413\"><a href=\"https:\/\/fluxmed.com.br\/en\/para-clinicas-e-organizacoes-de-saude\/\" class=\"elementor-item\">For clinics and offices<\/a><\/li>\n<li class=\"menu-item menu-item-type-post_type menu-item-object-page menu-item-2696\"><a href=\"https:\/\/fluxmed.com.br\/en\/operadoras-de-planos-de-saude\/\" class=\"elementor-item\">Health plan operators<\/a><\/li>\n<li class=\"menu-item menu-item-type-post_type menu-item-object-page menu-item-2409\"><a href=\"https:\/\/fluxmed.com.br\/en\/paciente\/\" class=\"elementor-item\">For patients<\/a><\/li>\n<\/ul>\t\t\t<\/nav>\n\t\t\t\t\t<div class=\"elementor-menu-toggle\" role=\"button\" tabindex=\"0\" aria-label=\"Menu Toggle\" aria-expanded=\"false\">\n\t\t\t<i aria-hidden=\"true\" role=\"presentation\" class=\"elementor-menu-toggle__icon--open eicon-menu-bar\"><\/i><i aria-hidden=\"true\" role=\"presentation\" class=\"elementor-menu-toggle__icon--close eicon-close\"><\/i>\t\t<\/div>\n\t\t\t\t\t<nav class=\"elementor-nav-menu--dropdown elementor-nav-menu__container\" aria-hidden=\"true\">\n\t\t\t\t<ul id=\"menu-2-b37da5f\" class=\"elementor-nav-menu\"><li class=\"menu-item menu-item-type-post_type menu-item-object-page menu-item-2413\"><a href=\"https:\/\/fluxmed.com.br\/en\/para-clinicas-e-organizacoes-de-saude\/\" class=\"elementor-item\" tabindex=\"-1\">For clinics and offices<\/a><\/li>\n<li class=\"menu-item menu-item-type-post_type menu-item-object-page menu-item-2696\"><a href=\"https:\/\/fluxmed.com.br\/en\/operadoras-de-planos-de-saude\/\" class=\"elementor-item\" tabindex=\"-1\">Health plan operators<\/a><\/li>\n<li class=\"menu-item menu-item-type-post_type menu-item-object-page menu-item-2409\"><a href=\"https:\/\/fluxmed.com.br\/en\/paciente\/\" class=\"elementor-item\" tabindex=\"-1\">For patients<\/a><\/li>\n<\/ul>\t\t\t<\/nav>\n\t\t\t\t\t\t<\/div>\n\t\t\t\t<\/div>\n\t\t\t\t<\/div>\n\t\t\t\t\t<\/div>\n\t\t\t\t<\/div>\n\t\t<div class=\"elementor-element elementor-element-59a22f4 e-flex e-con-boxed e-con e-parent\" data-id=\"59a22f4\" data-element_type=\"container\" data-e-type=\"container\">\n\t\t\t\t\t<div class=\"e-con-inner\">\n\t\t\t\t<div class=\"elementor-element elementor-element-9d5febb elementor-widget elementor-widget-heading\" data-id=\"9d5febb\" data-element_type=\"widget\" data-e-type=\"widget\" data-widget_type=\"heading.default\">\n\t\t\t\t<div class=\"elementor-widget-container\">\n\t\t\t\t\t<h1 class=\"elementor-heading-title elementor-size-default\">Transform your clinic&#039;s financial experience with FluxPay<\/h1>\t\t\t\t<\/div>\n\t\t\t\t<\/div>\n\t\t\t\t\t<\/div>\n\t\t\t\t<\/div>\n\t\t<div class=\"elementor-element elementor-element-aa1bb99 e-flex e-con-boxed e-con e-parent\" data-id=\"aa1bb99\" data-element_type=\"container\" data-e-type=\"container\">\n\t\t\t\t\t<div class=\"e-con-inner\">\n\t\t\t\t<div class=\"elementor-element elementor-element-16dbbdd elementor-widget elementor-widget-text-editor\" data-id=\"16dbbdd\" data-element_type=\"widget\" data-e-type=\"widget\" data-widget_type=\"text-editor.default\">\n\t\t\t\t<div class=\"elementor-widget-container\">\n\t\t\t\t\t\t\t\t\t<p>FluxPay is an integration extension between Fluxmed and Mercado Pago, for patient payments for consultations at your clinic. This extension offers a continuous and secure flow for processing private consultation payment transactions.<\/p><p>Automates and simplifies the payment cycle of the care journey. With an intuitive interface that is fully compatible with your current operation, our solution eliminates manual processes, reduces administrative errors and offers a transparent financial experience for both your team and your patients.<\/p>\t\t\t\t\t\t\t\t<\/div>\n\t\t\t\t<\/div>\n\t\t\t\t\t<\/div>\n\t\t\t\t<\/div>\n\t\t<div class=\"elementor-element elementor-element-cc0d3a6 e-flex e-con-boxed e-con e-parent\" data-id=\"cc0d3a6\" data-element_type=\"container\" data-e-type=\"container\">\n\t\t\t\t\t<div class=\"e-con-inner\">\n\t\t\t\t<div class=\"elementor-element elementor-element-7233d1e elementor-widget elementor-widget-heading\" data-id=\"7233d1e\" data-element_type=\"widget\" data-e-type=\"widget\" data-widget_type=\"heading.default\">\n\t\t\t\t<div class=\"elementor-widget-container\">\n\t\t\t\t\t<h2 class=\"elementor-heading-title elementor-size-default\">Main benefits<\/h2>\t\t\t\t<\/div>\n\t\t\t\t<\/div>\n\t\t\t\t\t<\/div>\n\t\t\t\t<\/div>\n\t\t<div class=\"elementor-element elementor-element-8d51d86 e-flex e-con-boxed e-con e-parent\" data-id=\"8d51d86\" data-element_type=\"container\" data-e-type=\"container\">\n\t\t\t\t\t<div class=\"e-con-inner\">\n\t\t\t\t<div class=\"elementor-element elementor-element-a487eec elementor-widget elementor-widget-text-editor\" data-id=\"a487eec\" data-element_type=\"widget\" data-e-type=\"widget\" data-widget_type=\"text-editor.default\">\n\t\t\t\t<div class=\"elementor-widget-container\">\n\t\t\t\t\t\t\t\t\t<p><strong>Main benefits:<\/strong><\/p><ul><li><strong>Instant processing:<\/strong> Receive payments directly into the clinic&#039;s bank account on MercadoPago. Improving the clinic&#039;s cash flow.<\/li><li><strong>Multiple payment methods:<\/strong> Support for credit cards and PIX, according to the payment options configured in your Mercado Pago account.<\/li><li><strong>Centralized financial management:<\/strong> Track all transactions on your MercadoPago account dashboard.<\/li><li><strong>Send invoices via WhatsApp:<\/strong> You can send invoices to patients via WhatsApp whenever you deem necessary. When you send the invoice, Fluxmed automatically generates a payment link.<\/li><\/ul><div>\u00a0<\/div><div>FluxPay works by generating charges via MercadoPago \u201cpayment link\u201d, which is a tool that allows you to sell online without needing a website or card machine.\u00a0<span style=\"font-size: 1rem;\">Check the costs of the Mercado Pago payment link by clicking here: <a href=\"https:\/\/www.mercadopago.com.br\/ajuda\/33392\">https:\/\/www.mercadopago.com.br\/ajuda\/33392<\/a><\/span><\/div>\t\t\t\t\t\t\t\t<\/div>\n\t\t\t\t<\/div>\n\t\t\t\t\t<\/div>\n\t\t\t\t<\/div>\n\t\t<div class=\"elementor-element elementor-element-1e74be5 e-flex e-con-boxed e-con e-parent\" data-id=\"1e74be5\" data-element_type=\"container\" data-e-type=\"container\">\n\t\t\t\t\t<div class=\"e-con-inner\">\n\t\t\t\t<div class=\"elementor-element elementor-element-af4e72c elementor-widget elementor-widget-heading\" data-id=\"af4e72c\" data-element_type=\"widget\" data-e-type=\"widget\" data-widget_type=\"heading.default\">\n\t\t\t\t<div class=\"elementor-widget-container\">\n\t\t\t\t\t<h2 class=\"elementor-heading-title elementor-size-default\">What is required to use FluxPay<\/h2>\t\t\t\t<\/div>\n\t\t\t\t<\/div>\n\t\t\t\t\t<\/div>\n\t\t\t\t<\/div>\n\t\t<div class=\"elementor-element elementor-element-03b8496 e-flex e-con-boxed e-con e-parent\" data-id=\"03b8496\" data-element_type=\"container\" data-e-type=\"container\">\n\t\t\t\t\t<div class=\"e-con-inner\">\n\t\t\t\t<div class=\"elementor-element elementor-element-863da85 elementor-widget elementor-widget-text-editor\" data-id=\"863da85\" data-element_type=\"widget\" data-e-type=\"widget\" data-widget_type=\"text-editor.default\">\n\t\t\t\t<div class=\"elementor-widget-container\">\n\t\t\t\t\t\t\t\t\t<p><strong>Corporate Account on Mercado Pago<\/strong>: Your clinic must have an active Legal Entity account on Mercado Pago. <a href=\"https:\/\/conteudo.mercadopago.com.br\/conta-pj-do-mercado-pago?matt_tool=82276659&amp;matt_word=MLB_MP_Sellers_AO_Link_G_PMAX_NS_PROS_X&amp;utm_source=google&amp;utm_medium=pmax&amp;utm_campaign=MLB_MP_Sellers_AO_Link_G_PMAX_NS_PROS_X&amp;gad_source=1&amp;gad_campaignid=21221831919&amp;gbraid=0AAAAAo1BvAnvWh5_BuzEdwa8oKA47k4bl&amp;gclid=CjwKCAjwmenCBhA4EiwAtVjzmhXO0TE4iSCqVKyy6lF-h8iNWM5NQnQ2Hq1r_rAjttLC_8agZKCP5RoCXWEQAvD_BwE\">Learn more about Mercado Pago&#039;s PJ account<\/a><\/p>\n<p><strong>Linking with Mercado Pago account<\/strong>: After opening your account, you will need to link Fluxmed to your Mercado Pago account to enable the generation of payment links. To do this, simply activate the extension by clicking on Activate FluxPay.<\/p>\t\t\t\t\t\t\t\t<\/div>\n\t\t\t\t<\/div>\n\t\t\t\t\t<\/div>\n\t\t\t\t<\/div>\n\t\t<div class=\"elementor-element elementor-element-f4ad7ae e-flex e-con-boxed e-con e-parent\" data-id=\"f4ad7ae\" data-element_type=\"container\" data-e-type=\"container\">\n\t\t\t\t\t<div class=\"e-con-inner\">\n\t\t\t\t<div class=\"elementor-element elementor-element-35f2a88 elementor-widget elementor-widget-text-editor\" data-id=\"35f2a88\" data-element_type=\"widget\" data-e-type=\"widget\" data-widget_type=\"text-editor.default\">\n\t\t\t\t<div class=\"elementor-widget-container\">\n\t\t\t\t\t\t\t\t\t<p style=\"text-align: center;\">\u26a0\ufe0f Attention!<\/p><p style=\"text-align: center;\">When activating FluxPay, you will be redirected to MercadoPago, where you must follow the steps on the screen and agree to the integration of Fluxmed into your MercadoPago Legal Entity account.<\/p><p style=\"text-align: center;\">A plug-and-play solution that starts working for you right away.<\/p>\t\t\t\t\t\t\t\t<\/div>\n\t\t\t\t<\/div>\n\t\t\t\t\t<\/div>\n\t\t\t\t<\/div>\n\t\t<div class=\"elementor-element elementor-element-6d7bf11 e-flex e-con-boxed e-con e-parent\" data-id=\"6d7bf11\" data-element_type=\"container\" data-e-type=\"container\">\n\t\t\t\t\t<div class=\"e-con-inner\">\n\t\t\t\t<div class=\"elementor-element elementor-element-7bc786f elementor-widget elementor-widget-heading\" data-id=\"7bc786f\" data-element_type=\"widget\" data-e-type=\"widget\" data-widget_type=\"heading.default\">\n\t\t\t\t<div class=\"elementor-widget-container\">\n\t\t\t\t\t<h2 class=\"elementor-heading-title elementor-size-default\">How much does FluxPay cost?<\/h2>\t\t\t\t<\/div>\n\t\t\t\t<\/div>\n\t\t\t\t\t<\/div>\n\t\t\t\t<\/div>\n\t\t<div class=\"elementor-element elementor-element-e36575e e-flex e-con-boxed e-con e-parent\" data-id=\"e36575e\" data-element_type=\"container\" data-e-type=\"container\">\n\t\t\t\t\t<div class=\"e-con-inner\">\n\t\t\t\t<div class=\"elementor-element elementor-element-49c861a elementor-widget elementor-widget-text-editor\" data-id=\"49c861a\" data-element_type=\"widget\" data-e-type=\"widget\" data-widget_type=\"text-editor.default\">\n\t\t\t\t<div class=\"elementor-widget-container\">\n\t\t\t\t\t\t\t\t\t<p>Check the costs of the Mercado Pago payment link by clicking here: <img decoding=\"async\" class=\"emoji\" role=\"img\" draggable=\"false\" src=\"https:\/\/s.w.org\/images\/core\/emoji\/16.0.1\/svg\/1f449.svg\" alt=\"\ud83d\udc49\" \/> <a href=\"https:\/\/www.mercadopago.com.br\/ajuda\/33392\">https:\/\/www.mercadopago.com.br\/ajuda\/33392<\/a><\/p><p>Fluxmed has no influence over the fees charged by MercadoPago.<\/p><p>In addition to MercadoPago fees, you will pay R$3.50 (three reais and fifty cents) per consultation with Fluxmed, which will be discounted by split payment, as soon as the patient makes the payment.<\/p><p>The FluxPay value may be readjusted as the extension is implemented.<br \/>Don&#039;t worry, you will be notified.<\/p><p>Every 30-day period, the payment amount from FluxPay to Fluxmed will be calculated.<\/p>\t\t\t\t\t\t\t\t<\/div>\n\t\t\t\t<\/div>\n\t\t\t\t\t<\/div>\n\t\t\t\t<\/div>\n\t\t\t\t<\/div>","protected":false},"excerpt":{"rendered":"<p>Transforme a experi\u00eancia financeira da sua cl\u00ednica com FluxPay FluxPay \u00e9 uma extens\u00e3o de integra\u00e7\u00e3o do Fluxmed com o Mercado Pago, para pagamentos de consultas pelo paciente para sua cl\u00ednica. Esta extens\u00e3o oferece um fluxo cont\u00ednuo e seguro para processamento de transa\u00e7\u00f5es de pagamentos de consultas particulares. Automatiza e simplifica o ciclo de pagamentos da [&hellip;]<\/p>\n","protected":false},"author":4,"featured_media":0,"parent":0,"menu_order":0,"comment_status":"closed","ping_status":"closed","template":"","meta":{"_acf_changed":false,"_eb_attr":"","_joinchat":[],"footnotes":""},"class_list":["post-3299","page","type-page","status-publish","hentry"],"acf":[],"_links":{"self":[{"href":"https:\/\/fluxmed.com.br\/en\/wp-json\/wp\/v2\/pages\/3299","targetHints":{"allow":["GET"]}}],"collection":[{"href":"https:\/\/fluxmed.com.br\/en\/wp-json\/wp\/v2\/pages"}],"about":[{"href":"https:\/\/fluxmed.com.br\/en\/wp-json\/wp\/v2\/types\/page"}],"author":[{"embeddable":true,"href":"https:\/\/fluxmed.com.br\/en\/wp-json\/wp\/v2\/users\/4"}],"replies":[{"embeddable":true,"href":"https:\/\/fluxmed.com.br\/en\/wp-json\/wp\/v2\/comments?post=3299"}],"version-history":[{"count":23,"href":"https:\/\/fluxmed.com.br\/en\/wp-json\/wp\/v2\/pages\/3299\/revisions"}],"predecessor-version":[{"id":3811,"href":"https:\/\/fluxmed.com.br\/en\/wp-json\/wp\/v2\/pages\/3299\/revisions\/3811"}],"wp:attachment":[{"href":"https:\/\/fluxmed.com.br\/en\/wp-json\/wp\/v2\/media?parent=3299"}],"curies":[{"name":"wp","href":"https:\/\/api.w.org\/{rel}","templated":true}]}}